{"id":683,"date":"2017-07-27T18:33:55","date_gmt":"2017-07-27T16:33:55","guid":{"rendered":"https:\/\/sara-suisse.ch\/home\/produkte\/"},"modified":"2025-02-26T11:53:00","modified_gmt":"2025-02-26T10:53:00","slug":"produkte","status":"publish","type":"page","link":"https:\/\/sara-suisse.ch\/de\/home\/produkte\/","title":{"rendered":"Produkte"},"content":{"rendered":"","protected":false},"excerpt":{"rendered":"","protected":false},"author":59,"featured_media":0,"parent":681,"menu_order":0,"comment_status":"closed","ping_status":"closed","template":"_produkte-uebersicht.php","meta":{"_acf_changed":false,"_relevanssi_hide_post":"","_relevanssi_hide_content":"","_relevanssi_pin_for_all":"","_relevanssi_pin_keywords":"","_relevanssi_unpin_keywords":"","_relevanssi_related_keywords":"","_relevanssi_related_include_ids":"","_relevanssi_related_exclude_ids":"","_relevanssi_related_no_append":"","_relevanssi_related_not_related":"","_relevanssi_related_posts":"","_relevanssi_noindex_reason":"","footnotes":""},"class_list":["post-683","page","type-page","status-publish","hentry"],"acf":[],"yoast_head":"<!-- This site is optimized with the Yoast SEO plugin v24.8.1 - https:\/\/yoast.com\/wordpress\/plugins\/seo\/ -->\n<title>Office M\u00f6bel und Einrichtung f\u00fcrs B\u00fcro | Sara SA<\/title>\n<meta name=\"description\" content=\"Unser Angebot umfasst ma\u00dfgeschneiderte L\u00f6sungen f\u00fcr die Einrichtung im B\u00fcro an. Die Produkte von Sara SA garantieren Funktionalit\u00e4t, Ergonomie und Design.\" \/>\n<meta name=\"robots\" content=\"index, follow, max-snippet:-1, max-image-preview:large, max-video-preview:-1\" \/>\n<link rel=\"canonical\" href=\"https:\/\/sara-suisse.ch\/de\/home\/produkte\/\" \/>\n<script type=\"application\/ld+json\" class=\"yoast-schema-graph\">{\"@context\":\"https:\/\/schema.org\",\"@graph\":[{\"@type\":\"WebPage\",\"@id\":\"https:\/\/sara-suisse.ch\/de\/home\/produkte\/\",\"url\":\"https:\/\/sara-suisse.ch\/de\/home\/produkte\/\",\"name\":\"Office M\u00f6bel und Einrichtung f\u00fcrs B\u00fcro | Sara SA\",\"isPartOf\":{\"@id\":\"https:\/\/sara-suisse.ch\/#website\"},\"primaryImageOfPage\":{\"@id\":\"https:\/\/sara-suisse.ch\/de\/home\/produkte\/#primaryimage\"},\"image\":{\"@id\":\"https:\/\/sara-suisse.ch\/de\/home\/produkte\/#primaryimage\"},\"thumbnailUrl\":\"https:\/\/sara-suisse.ch\/wp-content\/uploads\/2017\/10\/22\/sara_link_post_produkte_uebersicht-1200x627.jpg\",\"datePublished\":\"2017-07-27T16:33:55+00:00\",\"dateModified\":\"2025-02-26T10:53:00+00:00\",\"description\":\"Unser Angebot umfasst ma\u00dfgeschneiderte L\u00f6sungen f\u00fcr die Einrichtung im B\u00fcro an. Die Produkte von Sara SA garantieren Funktionalit\u00e4t, Ergonomie und Design.\",\"breadcrumb\":{\"@id\":\"https:\/\/sara-suisse.ch\/de\/home\/produkte\/#breadcrumb\"},\"inLanguage\":\"de\",\"potentialAction\":[{\"@type\":\"ReadAction\",\"target\":[\"https:\/\/sara-suisse.ch\/de\/home\/produkte\/\"]}]},{\"@type\":\"ImageObject\",\"inLanguage\":\"de\",\"@id\":\"https:\/\/sara-suisse.ch\/de\/home\/produkte\/#primaryimage\",\"url\":\"https:\/\/sara-suisse.ch\/wp-content\/uploads\/2017\/10\/22\/sara_link_post_produkte_uebersicht-1200x627.jpg\",\"contentUrl\":\"https:\/\/sara-suisse.ch\/wp-content\/uploads\/2017\/10\/22\/sara_link_post_produkte_uebersicht-1200x627.jpg\"},{\"@type\":\"BreadcrumbList\",\"@id\":\"https:\/\/sara-suisse.ch\/de\/home\/produkte\/#breadcrumb\",\"itemListElement\":[{\"@type\":\"ListItem\",\"position\":1,\"name\":\"Home\",\"item\":\"https:\/\/sara-suisse.ch\/de\/\"},{\"@type\":\"ListItem\",\"position\":2,\"name\":\"Produkte\"}]},{\"@type\":\"WebSite\",\"@id\":\"https:\/\/sara-suisse.ch\/#website\",\"url\":\"https:\/\/sara-suisse.ch\/\",\"name\":\"Sara Suisse\",\"description\":\"Swiss Office Style\",\"potentialAction\":[{\"@type\":\"SearchAction\",\"target\":{\"@type\":\"EntryPoint\",\"urlTemplate\":\"https:\/\/sara-suisse.ch\/?s={search_term_string}\"},\"query-input\":{\"@type\":\"PropertyValueSpecification\",\"valueRequired\":true,\"valueName\":\"search_term_string\"}}],\"inLanguage\":\"de\"}]}<\/script>\n<!-- \/ Yoast SEO plugin. -->","yoast_head_json":{"title":"Office M\u00f6bel und Einrichtung f\u00fcrs B\u00fcro | Sara SA","description":"Unser Angebot umfasst ma\u00dfgeschneiderte L\u00f6sungen f\u00fcr die Einrichtung im B\u00fcro an. Die Produkte von Sara SA garantieren Funktionalit\u00e4t, Ergonomie und Design.","robots":{"index":"index","follow":"follow","max-snippet":"max-snippet:-1","max-image-preview":"max-image-preview:large","max-video-preview":"max-video-preview:-1"},"canonical":"https:\/\/sara-suisse.ch\/de\/home\/produkte\/","schema":{"@context":"https:\/\/schema.org","@graph":[{"@type":"WebPage","@id":"https:\/\/sara-suisse.ch\/de\/home\/produkte\/","url":"https:\/\/sara-suisse.ch\/de\/home\/produkte\/","name":"Office M\u00f6bel und Einrichtung f\u00fcrs B\u00fcro | Sara SA","isPartOf":{"@id":"https:\/\/sara-suisse.ch\/#website"},"primaryImageOfPage":{"@id":"https:\/\/sara-suisse.ch\/de\/home\/produkte\/#primaryimage"},"image":{"@id":"https:\/\/sara-suisse.ch\/de\/home\/produkte\/#primaryimage"},"thumbnailUrl":"https:\/\/sara-suisse.ch\/wp-content\/uploads\/2017\/10\/22\/sara_link_post_produkte_uebersicht-1200x627.jpg","datePublished":"2017-07-27T16:33:55+00:00","dateModified":"2025-02-26T10:53:00+00:00","description":"Unser Angebot umfasst ma\u00dfgeschneiderte L\u00f6sungen f\u00fcr die Einrichtung im B\u00fcro an. Die Produkte von Sara SA garantieren Funktionalit\u00e4t, Ergonomie und Design.","breadcrumb":{"@id":"https:\/\/sara-suisse.ch\/de\/home\/produkte\/#breadcrumb"},"inLanguage":"de","potentialAction":[{"@type":"ReadAction","target":["https:\/\/sara-suisse.ch\/de\/home\/produkte\/"]}]},{"@type":"ImageObject","inLanguage":"de","@id":"https:\/\/sara-suisse.ch\/de\/home\/produkte\/#primaryimage","url":"https:\/\/sara-suisse.ch\/wp-content\/uploads\/2017\/10\/22\/sara_link_post_produkte_uebersicht-1200x627.jpg","contentUrl":"https:\/\/sara-suisse.ch\/wp-content\/uploads\/2017\/10\/22\/sara_link_post_produkte_uebersicht-1200x627.jpg"},{"@type":"BreadcrumbList","@id":"https:\/\/sara-suisse.ch\/de\/home\/produkte\/#breadcrumb","itemListElement":[{"@type":"ListItem","position":1,"name":"Home","item":"https:\/\/sara-suisse.ch\/de\/"},{"@type":"ListItem","position":2,"name":"Produkte"}]},{"@type":"WebSite","@id":"https:\/\/sara-suisse.ch\/#website","url":"https:\/\/sara-suisse.ch\/","name":"Sara Suisse","description":"Swiss Office Style","potentialAction":[{"@type":"SearchAction","target":{"@type":"EntryPoint","urlTemplate":"https:\/\/sara-suisse.ch\/?s={search_term_string}"},"query-input":{"@type":"PropertyValueSpecification","valueRequired":true,"valueName":"search_term_string"}}],"inLanguage":"de"}]}},"_links":{"self":[{"href":"https:\/\/sara-suisse.ch\/de\/wp-json\/wp\/v2\/pages\/683","targetHints":{"allow":["GET"]}}],"collection":[{"href":"https:\/\/sara-suisse.ch\/de\/wp-json\/wp\/v2\/pages"}],"about":[{"href":"https:\/\/sara-suisse.ch\/de\/wp-json\/wp\/v2\/types\/page"}],"author":[{"embeddable":true,"href":"https:\/\/sara-suisse.ch\/de\/wp-json\/wp\/v2\/users\/59"}],"replies":[{"embeddable":true,"href":"https:\/\/sara-suisse.ch\/de\/wp-json\/wp\/v2\/comments?post=683"}],"version-history":[{"count":46,"href":"https:\/\/sara-suisse.ch\/de\/wp-json\/wp\/v2\/pages\/683\/revisions"}],"predecessor-version":[{"id":11990,"href":"https:\/\/sara-suisse.ch\/de\/wp-json\/wp\/v2\/pages\/683\/revisions\/11990"}],"up":[{"embeddable":true,"href":"https:\/\/sara-suisse.ch\/de\/wp-json\/wp\/v2\/pages\/681"}],"wp:attachment":[{"href":"https:\/\/sara-suisse.ch\/de\/wp-json\/wp\/v2\/media?parent=683"}],"curies":[{"name":"wp","href":"https:\/\/api.w.org\/{rel}","templated":true}]}}