{"id":695,"date":"2017-07-27T18:31:49","date_gmt":"2017-07-27T16:31:49","guid":{"rendered":"https:\/\/sara-suisse.ch\/home\/produkte\/schraenke-und-regale\/"},"modified":"2024-10-07T09:14:37","modified_gmt":"2024-10-07T07:14:37","slug":"schraenke-und-regale","status":"publish","type":"page","link":"https:\/\/sara-suisse.ch\/de\/home\/produkte\/schraenke-und-regale\/","title":{"rendered":"Schr\u00e4nke, Gardaroben und Regale"},"content":{"rendered":"","protected":false},"excerpt":{"rendered":"","protected":false},"author":59,"featured_media":0,"parent":683,"menu_order":0,"comment_status":"closed","ping_status":"closed","template":"_produkte.php","meta":{"_acf_changed":false,"_relevanssi_hide_post":"","_relevanssi_hide_content":"","_relevanssi_pin_for_all":"","_relevanssi_pin_keywords":"","_relevanssi_unpin_keywords":"","_relevanssi_related_keywords":"","_relevanssi_related_include_ids":"","_relevanssi_related_exclude_ids":"","_relevanssi_related_no_append":"","_relevanssi_related_not_related":"","_relevanssi_related_posts":"","_relevanssi_noindex_reason":"","footnotes":""},"class_list":["post-695","page","type-page","status-publish","hentry"],"acf":[],"yoast_head":"<!-- This site is optimized with the Yoast SEO plugin v24.8.1 - https:\/\/yoast.com\/wordpress\/plugins\/seo\/ -->\n<title>B\u00fcroregale, Schr\u00e4nke und Kasten f\u00fcrs B\u00fcro | Sara SA<\/title>\n<meta name=\"description\" content=\"Besuchen Sie uns auf sara-suisse.ch und entdecken Sie unsere Auswahl an B\u00fcroregalen, Schr\u00e4nken und Kasten f\u00fcrs B\u00fcro. Bei uns ist f\u00fcr jeden Geschmack etwas dabei.\" \/>\n<meta name=\"robots\" content=\"index, follow, max-snippet:-1, max-image-preview:large, max-video-preview:-1\" \/>\n<link rel=\"canonical\" href=\"https:\/\/sara-suisse.ch\/de\/home\/produkte\/schraenke-und-regale\/\" \/>\n<script type=\"application\/ld+json\" class=\"yoast-schema-graph\">{\"@context\":\"https:\/\/schema.org\",\"@graph\":[{\"@type\":\"WebPage\",\"@id\":\"https:\/\/sara-suisse.ch\/de\/home\/produkte\/schraenke-und-regale\/\",\"url\":\"https:\/\/sara-suisse.ch\/de\/home\/produkte\/schraenke-und-regale\/\",\"name\":\"B\u00fcroregale, Schr\u00e4nke und Kasten f\u00fcrs B\u00fcro | Sara SA\",\"isPartOf\":{\"@id\":\"https:\/\/sara-suisse.ch\/#website\"},\"primaryImageOfPage\":{\"@id\":\"https:\/\/sara-suisse.ch\/de\/home\/produkte\/schraenke-und-regale\/#primaryimage\"},\"image\":{\"@id\":\"https:\/\/sara-suisse.ch\/de\/home\/produkte\/schraenke-und-regale\/#primaryimage\"},\"thumbnailUrl\":\"https:\/\/sara-suisse.ch\/wp-content\/uploads\/2017\/10\/22\/sara_link_post_produkte_bereich_schraenke_und_regale-1200x627.jpg\",\"datePublished\":\"2017-07-27T16:31:49+00:00\",\"dateModified\":\"2024-10-07T07:14:37+00:00\",\"description\":\"Besuchen Sie uns auf sara-suisse.ch und entdecken Sie unsere Auswahl an B\u00fcroregalen, Schr\u00e4nken und Kasten f\u00fcrs B\u00fcro. Bei uns ist f\u00fcr jeden Geschmack etwas dabei.\",\"breadcrumb\":{\"@id\":\"https:\/\/sara-suisse.ch\/de\/home\/produkte\/schraenke-und-regale\/#breadcrumb\"},\"inLanguage\":\"de\",\"potentialAction\":[{\"@type\":\"ReadAction\",\"target\":[\"https:\/\/sara-suisse.ch\/de\/home\/produkte\/schraenke-und-regale\/\"]}]},{\"@type\":\"ImageObject\",\"inLanguage\":\"de\",\"@id\":\"https:\/\/sara-suisse.ch\/de\/home\/produkte\/schraenke-und-regale\/#primaryimage\",\"url\":\"https:\/\/sara-suisse.ch\/wp-content\/uploads\/2017\/10\/22\/sara_link_post_produkte_bereich_schraenke_und_regale-1200x627.jpg\",\"contentUrl\":\"https:\/\/sara-suisse.ch\/wp-content\/uploads\/2017\/10\/22\/sara_link_post_produkte_bereich_schraenke_und_regale-1200x627.jpg\"},{\"@type\":\"BreadcrumbList\",\"@id\":\"https:\/\/sara-suisse.ch\/de\/home\/produkte\/schraenke-und-regale\/#breadcrumb\",\"itemListElement\":[{\"@type\":\"ListItem\",\"position\":1,\"name\":\"Home\",\"item\":\"https:\/\/sara-suisse.ch\/de\/\"},{\"@type\":\"ListItem\",\"position\":2,\"name\":\"Produkte\",\"item\":\"https:\/\/sara-suisse.ch\/de\/home\/produkte\/\"},{\"@type\":\"ListItem\",\"position\":3,\"name\":\"Schr\u00e4nke, Gardaroben und Regale\"}]},{\"@type\":\"WebSite\",\"@id\":\"https:\/\/sara-suisse.ch\/#website\",\"url\":\"https:\/\/sara-suisse.ch\/\",\"name\":\"Sara Suisse\",\"description\":\"Swiss Office Style\",\"potentialAction\":[{\"@type\":\"SearchAction\",\"target\":{\"@type\":\"EntryPoint\",\"urlTemplate\":\"https:\/\/sara-suisse.ch\/?s={search_term_string}\"},\"query-input\":{\"@type\":\"PropertyValueSpecification\",\"valueRequired\":true,\"valueName\":\"search_term_string\"}}],\"inLanguage\":\"de\"}]}<\/script>\n<!-- \/ Yoast SEO plugin. -->","yoast_head_json":{"title":"B\u00fcroregale, Schr\u00e4nke und Kasten f\u00fcrs B\u00fcro | Sara SA","description":"Besuchen Sie uns auf sara-suisse.ch und entdecken Sie unsere Auswahl an B\u00fcroregalen, Schr\u00e4nken und Kasten f\u00fcrs B\u00fcro. Bei uns ist f\u00fcr jeden Geschmack etwas dabei.","robots":{"index":"index","follow":"follow","max-snippet":"max-snippet:-1","max-image-preview":"max-image-preview:large","max-video-preview":"max-video-preview:-1"},"canonical":"https:\/\/sara-suisse.ch\/de\/home\/produkte\/schraenke-und-regale\/","schema":{"@context":"https:\/\/schema.org","@graph":[{"@type":"WebPage","@id":"https:\/\/sara-suisse.ch\/de\/home\/produkte\/schraenke-und-regale\/","url":"https:\/\/sara-suisse.ch\/de\/home\/produkte\/schraenke-und-regale\/","name":"B\u00fcroregale, Schr\u00e4nke und Kasten f\u00fcrs B\u00fcro | Sara SA","isPartOf":{"@id":"https:\/\/sara-suisse.ch\/#website"},"primaryImageOfPage":{"@id":"https:\/\/sara-suisse.ch\/de\/home\/produkte\/schraenke-und-regale\/#primaryimage"},"image":{"@id":"https:\/\/sara-suisse.ch\/de\/home\/produkte\/schraenke-und-regale\/#primaryimage"},"thumbnailUrl":"https:\/\/sara-suisse.ch\/wp-content\/uploads\/2017\/10\/22\/sara_link_post_produkte_bereich_schraenke_und_regale-1200x627.jpg","datePublished":"2017-07-27T16:31:49+00:00","dateModified":"2024-10-07T07:14:37+00:00","description":"Besuchen Sie uns auf sara-suisse.ch und entdecken Sie unsere Auswahl an B\u00fcroregalen, Schr\u00e4nken und Kasten f\u00fcrs B\u00fcro. Bei uns ist f\u00fcr jeden Geschmack etwas dabei.","breadcrumb":{"@id":"https:\/\/sara-suisse.ch\/de\/home\/produkte\/schraenke-und-regale\/#breadcrumb"},"inLanguage":"de","potentialAction":[{"@type":"ReadAction","target":["https:\/\/sara-suisse.ch\/de\/home\/produkte\/schraenke-und-regale\/"]}]},{"@type":"ImageObject","inLanguage":"de","@id":"https:\/\/sara-suisse.ch\/de\/home\/produkte\/schraenke-und-regale\/#primaryimage","url":"https:\/\/sara-suisse.ch\/wp-content\/uploads\/2017\/10\/22\/sara_link_post_produkte_bereich_schraenke_und_regale-1200x627.jpg","contentUrl":"https:\/\/sara-suisse.ch\/wp-content\/uploads\/2017\/10\/22\/sara_link_post_produkte_bereich_schraenke_und_regale-1200x627.jpg"},{"@type":"BreadcrumbList","@id":"https:\/\/sara-suisse.ch\/de\/home\/produkte\/schraenke-und-regale\/#breadcrumb","itemListElement":[{"@type":"ListItem","position":1,"name":"Home","item":"https:\/\/sara-suisse.ch\/de\/"},{"@type":"ListItem","position":2,"name":"Produkte","item":"https:\/\/sara-suisse.ch\/de\/home\/produkte\/"},{"@type":"ListItem","position":3,"name":"Schr\u00e4nke, Gardaroben und Regale"}]},{"@type":"WebSite","@id":"https:\/\/sara-suisse.ch\/#website","url":"https:\/\/sara-suisse.ch\/","name":"Sara Suisse","description":"Swiss Office Style","potentialAction":[{"@type":"SearchAction","target":{"@type":"EntryPoint","urlTemplate":"https:\/\/sara-suisse.ch\/?s={search_term_string}"},"query-input":{"@type":"PropertyValueSpecification","valueRequired":true,"valueName":"search_term_string"}}],"inLanguage":"de"}]}},"_links":{"self":[{"href":"https:\/\/sara-suisse.ch\/de\/wp-json\/wp\/v2\/pages\/695","targetHints":{"allow":["GET"]}}],"collection":[{"href":"https:\/\/sara-suisse.ch\/de\/wp-json\/wp\/v2\/pages"}],"about":[{"href":"https:\/\/sara-suisse.ch\/de\/wp-json\/wp\/v2\/types\/page"}],"author":[{"embeddable":true,"href":"https:\/\/sara-suisse.ch\/de\/wp-json\/wp\/v2\/users\/59"}],"replies":[{"embeddable":true,"href":"https:\/\/sara-suisse.ch\/de\/wp-json\/wp\/v2\/comments?post=695"}],"version-history":[{"count":15,"href":"https:\/\/sara-suisse.ch\/de\/wp-json\/wp\/v2\/pages\/695\/revisions"}],"predecessor-version":[{"id":11022,"href":"https:\/\/sara-suisse.ch\/de\/wp-json\/wp\/v2\/pages\/695\/revisions\/11022"}],"up":[{"embeddable":true,"href":"https:\/\/sara-suisse.ch\/de\/wp-json\/wp\/v2\/pages\/683"}],"wp:attachment":[{"href":"https:\/\/sara-suisse.ch\/de\/wp-json\/wp\/v2\/media?parent=695"}],"curies":[{"name":"wp","href":"https:\/\/api.w.org\/{rel}","templated":true}]}}