{"id":711,"date":"2017-07-27T18:31:15","date_gmt":"2017-07-27T16:31:15","guid":{"rendered":"https:\/\/sara-suisse.ch\/home\/loesungen\/"},"modified":"2023-12-12T16:38:39","modified_gmt":"2023-12-12T15:38:39","slug":"loesungen","status":"publish","type":"page","link":"https:\/\/sara-suisse.ch\/de\/home\/loesungen\/","title":{"rendered":"L\u00f6sungen"},"content":{"rendered":"","protected":false},"excerpt":{"rendered":"","protected":false},"author":59,"featured_media":0,"parent":681,"menu_order":0,"comment_status":"closed","ping_status":"closed","template":"_losungen.php","meta":{"_acf_changed":false,"_relevanssi_hide_post":"","_relevanssi_hide_content":"","_relevanssi_pin_for_all":"","_relevanssi_pin_keywords":"","_relevanssi_unpin_keywords":"","_relevanssi_related_keywords":"","_relevanssi_related_include_ids":"","_relevanssi_related_exclude_ids":"","_relevanssi_related_no_append":"","_relevanssi_related_not_related":"","_relevanssi_related_posts":"","_relevanssi_noindex_reason":"Relevanssi image attachment filter Relevanssi index exclude","footnotes":""},"class_list":["post-711","page","type-page","status-publish","hentry"],"acf":[],"yoast_head":"<!-- This site is optimized with the Yoast SEO plugin v24.8.1 - https:\/\/yoast.com\/wordpress\/plugins\/seo\/ -->\n<title>B\u00fcro einrichten: verschiedene Bereiche | Sara SA<\/title>\n<meta name=\"description\" content=\"M\u00f6chten Sie Ihr B\u00fcro einrichten und daf\u00fcr eine ma\u00dfgeschneiderte Beratung? Von der Cafeteria bis zur Lounge! Besuchen Sie sara-suisse.ch und erfahren Sie mehr!\" \/>\n<meta name=\"robots\" content=\"index, follow, max-snippet:-1, max-image-preview:large, max-video-preview:-1\" \/>\n<link rel=\"canonical\" href=\"https:\/\/sara-suisse.ch\/de\/home\/loesungen\/\" \/>\n<script type=\"application\/ld+json\" class=\"yoast-schema-graph\">{\"@context\":\"https:\/\/schema.org\",\"@graph\":[{\"@type\":\"WebPage\",\"@id\":\"https:\/\/sara-suisse.ch\/de\/home\/loesungen\/\",\"url\":\"https:\/\/sara-suisse.ch\/de\/home\/loesungen\/\",\"name\":\"B\u00fcro einrichten: verschiedene Bereiche | Sara SA\",\"isPartOf\":{\"@id\":\"https:\/\/sara-suisse.ch\/#website\"},\"primaryImageOfPage\":{\"@id\":\"https:\/\/sara-suisse.ch\/de\/home\/loesungen\/#primaryimage\"},\"image\":{\"@id\":\"https:\/\/sara-suisse.ch\/de\/home\/loesungen\/#primaryimage\"},\"thumbnailUrl\":\"https:\/\/sara-suisse.ch\/wp-content\/uploads\/2017\/10\/22\/sara_link_post_loesungen_uebersicht-1200x627.jpg\",\"datePublished\":\"2017-07-27T16:31:15+00:00\",\"dateModified\":\"2023-12-12T15:38:39+00:00\",\"description\":\"M\u00f6chten Sie Ihr B\u00fcro einrichten und daf\u00fcr eine ma\u00dfgeschneiderte Beratung? Von der Cafeteria bis zur Lounge! Besuchen Sie sara-suisse.ch und erfahren Sie mehr!\",\"breadcrumb\":{\"@id\":\"https:\/\/sara-suisse.ch\/de\/home\/loesungen\/#breadcrumb\"},\"inLanguage\":\"de\",\"potentialAction\":[{\"@type\":\"ReadAction\",\"target\":[\"https:\/\/sara-suisse.ch\/de\/home\/loesungen\/\"]}]},{\"@type\":\"ImageObject\",\"inLanguage\":\"de\",\"@id\":\"https:\/\/sara-suisse.ch\/de\/home\/loesungen\/#primaryimage\",\"url\":\"https:\/\/sara-suisse.ch\/wp-content\/uploads\/2017\/10\/22\/sara_link_post_loesungen_uebersicht-1200x627.jpg\",\"contentUrl\":\"https:\/\/sara-suisse.ch\/wp-content\/uploads\/2017\/10\/22\/sara_link_post_loesungen_uebersicht-1200x627.jpg\"},{\"@type\":\"BreadcrumbList\",\"@id\":\"https:\/\/sara-suisse.ch\/de\/home\/loesungen\/#breadcrumb\",\"itemListElement\":[{\"@type\":\"ListItem\",\"position\":1,\"name\":\"Home\",\"item\":\"https:\/\/sara-suisse.ch\/de\/\"},{\"@type\":\"ListItem\",\"position\":2,\"name\":\"L\u00f6sungen\"}]},{\"@type\":\"WebSite\",\"@id\":\"https:\/\/sara-suisse.ch\/#website\",\"url\":\"https:\/\/sara-suisse.ch\/\",\"name\":\"Sara Suisse\",\"description\":\"Swiss Office Style\",\"potentialAction\":[{\"@type\":\"SearchAction\",\"target\":{\"@type\":\"EntryPoint\",\"urlTemplate\":\"https:\/\/sara-suisse.ch\/?s={search_term_string}\"},\"query-input\":{\"@type\":\"PropertyValueSpecification\",\"valueRequired\":true,\"valueName\":\"search_term_string\"}}],\"inLanguage\":\"de\"}]}<\/script>\n<!-- \/ Yoast SEO plugin. -->","yoast_head_json":{"title":"B\u00fcro einrichten: verschiedene Bereiche | Sara SA","description":"M\u00f6chten Sie Ihr B\u00fcro einrichten und daf\u00fcr eine ma\u00dfgeschneiderte Beratung? Von der Cafeteria bis zur Lounge! Besuchen Sie sara-suisse.ch und erfahren Sie mehr!","robots":{"index":"index","follow":"follow","max-snippet":"max-snippet:-1","max-image-preview":"max-image-preview:large","max-video-preview":"max-video-preview:-1"},"canonical":"https:\/\/sara-suisse.ch\/de\/home\/loesungen\/","schema":{"@context":"https:\/\/schema.org","@graph":[{"@type":"WebPage","@id":"https:\/\/sara-suisse.ch\/de\/home\/loesungen\/","url":"https:\/\/sara-suisse.ch\/de\/home\/loesungen\/","name":"B\u00fcro einrichten: verschiedene Bereiche | Sara SA","isPartOf":{"@id":"https:\/\/sara-suisse.ch\/#website"},"primaryImageOfPage":{"@id":"https:\/\/sara-suisse.ch\/de\/home\/loesungen\/#primaryimage"},"image":{"@id":"https:\/\/sara-suisse.ch\/de\/home\/loesungen\/#primaryimage"},"thumbnailUrl":"https:\/\/sara-suisse.ch\/wp-content\/uploads\/2017\/10\/22\/sara_link_post_loesungen_uebersicht-1200x627.jpg","datePublished":"2017-07-27T16:31:15+00:00","dateModified":"2023-12-12T15:38:39+00:00","description":"M\u00f6chten Sie Ihr B\u00fcro einrichten und daf\u00fcr eine ma\u00dfgeschneiderte Beratung? Von der Cafeteria bis zur Lounge! Besuchen Sie sara-suisse.ch und erfahren Sie mehr!","breadcrumb":{"@id":"https:\/\/sara-suisse.ch\/de\/home\/loesungen\/#breadcrumb"},"inLanguage":"de","potentialAction":[{"@type":"ReadAction","target":["https:\/\/sara-suisse.ch\/de\/home\/loesungen\/"]}]},{"@type":"ImageObject","inLanguage":"de","@id":"https:\/\/sara-suisse.ch\/de\/home\/loesungen\/#primaryimage","url":"https:\/\/sara-suisse.ch\/wp-content\/uploads\/2017\/10\/22\/sara_link_post_loesungen_uebersicht-1200x627.jpg","contentUrl":"https:\/\/sara-suisse.ch\/wp-content\/uploads\/2017\/10\/22\/sara_link_post_loesungen_uebersicht-1200x627.jpg"},{"@type":"BreadcrumbList","@id":"https:\/\/sara-suisse.ch\/de\/home\/loesungen\/#breadcrumb","itemListElement":[{"@type":"ListItem","position":1,"name":"Home","item":"https:\/\/sara-suisse.ch\/de\/"},{"@type":"ListItem","position":2,"name":"L\u00f6sungen"}]},{"@type":"WebSite","@id":"https:\/\/sara-suisse.ch\/#website","url":"https:\/\/sara-suisse.ch\/","name":"Sara Suisse","description":"Swiss Office Style","potentialAction":[{"@type":"SearchAction","target":{"@type":"EntryPoint","urlTemplate":"https:\/\/sara-suisse.ch\/?s={search_term_string}"},"query-input":{"@type":"PropertyValueSpecification","valueRequired":true,"valueName":"search_term_string"}}],"inLanguage":"de"}]}},"_links":{"self":[{"href":"https:\/\/sara-suisse.ch\/de\/wp-json\/wp\/v2\/pages\/711","targetHints":{"allow":["GET"]}}],"collection":[{"href":"https:\/\/sara-suisse.ch\/de\/wp-json\/wp\/v2\/pages"}],"about":[{"href":"https:\/\/sara-suisse.ch\/de\/wp-json\/wp\/v2\/types\/page"}],"author":[{"embeddable":true,"href":"https:\/\/sara-suisse.ch\/de\/wp-json\/wp\/v2\/users\/59"}],"replies":[{"embeddable":true,"href":"https:\/\/sara-suisse.ch\/de\/wp-json\/wp\/v2\/comments?post=711"}],"version-history":[{"count":9,"href":"https:\/\/sara-suisse.ch\/de\/wp-json\/wp\/v2\/pages\/711\/revisions"}],"predecessor-version":[{"id":10546,"href":"https:\/\/sara-suisse.ch\/de\/wp-json\/wp\/v2\/pages\/711\/revisions\/10546"}],"up":[{"embeddable":true,"href":"https:\/\/sara-suisse.ch\/de\/wp-json\/wp\/v2\/pages\/681"}],"wp:attachment":[{"href":"https:\/\/sara-suisse.ch\/de\/wp-json\/wp\/v2\/media?parent=711"}],"curies":[{"name":"wp","href":"https:\/\/api.w.org\/{rel}","templated":true}]}}