{"id":717,"date":"2017-07-27T18:30:03","date_gmt":"2017-07-27T16:30:03","guid":{"rendered":"https:\/\/sara-suisse.ch\/home\/fachhaendler\/"},"modified":"2025-03-28T08:37:58","modified_gmt":"2025-03-28T07:37:58","slug":"fachhaendler","status":"publish","type":"page","link":"https:\/\/sara-suisse.ch\/de\/home\/fachhaendler\/","title":{"rendered":"Fachh\u00e4ndler"},"content":{"rendered":"","protected":false},"excerpt":{"rendered":"","protected":false},"author":59,"featured_media":0,"parent":681,"menu_order":0,"comment_status":"closed","ping_status":"closed","template":"_fachhaendler.php","meta":{"_acf_changed":false,"_relevanssi_hide_post":"","_relevanssi_hide_content":"","_relevanssi_pin_for_all":"","_relevanssi_pin_keywords":"","_relevanssi_unpin_keywords":"","_relevanssi_related_keywords":"","_relevanssi_related_include_ids":"","_relevanssi_related_exclude_ids":"","_relevanssi_related_no_append":"","_relevanssi_related_not_related":"","_relevanssi_related_posts":"","_relevanssi_noindex_reason":"","footnotes":""},"class_list":["post-717","page","type-page","status-publish","hentry"],"acf":[],"yoast_head":"<!-- This site is optimized with the Yoast SEO plugin v24.8.1 - https:\/\/yoast.com\/wordpress\/plugins\/seo\/ -->\n<title>Fachh\u00e4ndler f\u00fcr B\u00fcrom\u00f6bel in der Schweiz | Sara SA<\/title>\n<meta name=\"description\" content=\"Entdecken Sie alle unsere Fachh\u00e4ndler und die Orte, in welchen Sie unsere Produkte finden k\u00f6nnen. Besuchen Sie uns oder einen unserer H\u00e4ndler.\" \/>\n<meta name=\"robots\" content=\"index, follow, max-snippet:-1, max-image-preview:large, max-video-preview:-1\" \/>\n<link rel=\"canonical\" href=\"https:\/\/sara-suisse.ch\/de\/home\/fachhaendler\/\" \/>\n<script type=\"application\/ld+json\" class=\"yoast-schema-graph\">{\"@context\":\"https:\/\/schema.org\",\"@graph\":[{\"@type\":\"WebPage\",\"@id\":\"https:\/\/sara-suisse.ch\/de\/home\/fachhaendler\/\",\"url\":\"https:\/\/sara-suisse.ch\/de\/home\/fachhaendler\/\",\"name\":\"Fachh\u00e4ndler f\u00fcr B\u00fcrom\u00f6bel in der Schweiz | Sara SA\",\"isPartOf\":{\"@id\":\"https:\/\/sara-suisse.ch\/#website\"},\"primaryImageOfPage\":{\"@id\":\"https:\/\/sara-suisse.ch\/de\/home\/fachhaendler\/#primaryimage\"},\"image\":{\"@id\":\"https:\/\/sara-suisse.ch\/de\/home\/fachhaendler\/#primaryimage\"},\"thumbnailUrl\":\"https:\/\/sara-suisse.ch\/wp-content\/uploads\/2017\/10\/22\/sara_link_post_fachhaendler-1200x627.jpg\",\"datePublished\":\"2017-07-27T16:30:03+00:00\",\"dateModified\":\"2025-03-28T07:37:58+00:00\",\"description\":\"Entdecken Sie alle unsere Fachh\u00e4ndler und die Orte, in welchen Sie unsere Produkte finden k\u00f6nnen. Besuchen Sie uns oder einen unserer H\u00e4ndler.\",\"breadcrumb\":{\"@id\":\"https:\/\/sara-suisse.ch\/de\/home\/fachhaendler\/#breadcrumb\"},\"inLanguage\":\"de\",\"potentialAction\":[{\"@type\":\"ReadAction\",\"target\":[\"https:\/\/sara-suisse.ch\/de\/home\/fachhaendler\/\"]}]},{\"@type\":\"ImageObject\",\"inLanguage\":\"de\",\"@id\":\"https:\/\/sara-suisse.ch\/de\/home\/fachhaendler\/#primaryimage\",\"url\":\"https:\/\/sara-suisse.ch\/wp-content\/uploads\/2017\/10\/22\/sara_link_post_fachhaendler-1200x627.jpg\",\"contentUrl\":\"https:\/\/sara-suisse.ch\/wp-content\/uploads\/2017\/10\/22\/sara_link_post_fachhaendler-1200x627.jpg\"},{\"@type\":\"BreadcrumbList\",\"@id\":\"https:\/\/sara-suisse.ch\/de\/home\/fachhaendler\/#breadcrumb\",\"itemListElement\":[{\"@type\":\"ListItem\",\"position\":1,\"name\":\"Home\",\"item\":\"https:\/\/sara-suisse.ch\/de\/\"},{\"@type\":\"ListItem\",\"position\":2,\"name\":\"Fachh\u00e4ndler\"}]},{\"@type\":\"WebSite\",\"@id\":\"https:\/\/sara-suisse.ch\/#website\",\"url\":\"https:\/\/sara-suisse.ch\/\",\"name\":\"Sara Suisse\",\"description\":\"Swiss Office Style\",\"potentialAction\":[{\"@type\":\"SearchAction\",\"target\":{\"@type\":\"EntryPoint\",\"urlTemplate\":\"https:\/\/sara-suisse.ch\/?s={search_term_string}\"},\"query-input\":{\"@type\":\"PropertyValueSpecification\",\"valueRequired\":true,\"valueName\":\"search_term_string\"}}],\"inLanguage\":\"de\"}]}<\/script>\n<!-- \/ Yoast SEO plugin. -->","yoast_head_json":{"title":"Fachh\u00e4ndler f\u00fcr B\u00fcrom\u00f6bel in der Schweiz | Sara SA","description":"Entdecken Sie alle unsere Fachh\u00e4ndler und die Orte, in welchen Sie unsere Produkte finden k\u00f6nnen. Besuchen Sie uns oder einen unserer H\u00e4ndler.","robots":{"index":"index","follow":"follow","max-snippet":"max-snippet:-1","max-image-preview":"max-image-preview:large","max-video-preview":"max-video-preview:-1"},"canonical":"https:\/\/sara-suisse.ch\/de\/home\/fachhaendler\/","schema":{"@context":"https:\/\/schema.org","@graph":[{"@type":"WebPage","@id":"https:\/\/sara-suisse.ch\/de\/home\/fachhaendler\/","url":"https:\/\/sara-suisse.ch\/de\/home\/fachhaendler\/","name":"Fachh\u00e4ndler f\u00fcr B\u00fcrom\u00f6bel in der Schweiz | Sara SA","isPartOf":{"@id":"https:\/\/sara-suisse.ch\/#website"},"primaryImageOfPage":{"@id":"https:\/\/sara-suisse.ch\/de\/home\/fachhaendler\/#primaryimage"},"image":{"@id":"https:\/\/sara-suisse.ch\/de\/home\/fachhaendler\/#primaryimage"},"thumbnailUrl":"https:\/\/sara-suisse.ch\/wp-content\/uploads\/2017\/10\/22\/sara_link_post_fachhaendler-1200x627.jpg","datePublished":"2017-07-27T16:30:03+00:00","dateModified":"2025-03-28T07:37:58+00:00","description":"Entdecken Sie alle unsere Fachh\u00e4ndler und die Orte, in welchen Sie unsere Produkte finden k\u00f6nnen. Besuchen Sie uns oder einen unserer H\u00e4ndler.","breadcrumb":{"@id":"https:\/\/sara-suisse.ch\/de\/home\/fachhaendler\/#breadcrumb"},"inLanguage":"de","potentialAction":[{"@type":"ReadAction","target":["https:\/\/sara-suisse.ch\/de\/home\/fachhaendler\/"]}]},{"@type":"ImageObject","inLanguage":"de","@id":"https:\/\/sara-suisse.ch\/de\/home\/fachhaendler\/#primaryimage","url":"https:\/\/sara-suisse.ch\/wp-content\/uploads\/2017\/10\/22\/sara_link_post_fachhaendler-1200x627.jpg","contentUrl":"https:\/\/sara-suisse.ch\/wp-content\/uploads\/2017\/10\/22\/sara_link_post_fachhaendler-1200x627.jpg"},{"@type":"BreadcrumbList","@id":"https:\/\/sara-suisse.ch\/de\/home\/fachhaendler\/#breadcrumb","itemListElement":[{"@type":"ListItem","position":1,"name":"Home","item":"https:\/\/sara-suisse.ch\/de\/"},{"@type":"ListItem","position":2,"name":"Fachh\u00e4ndler"}]},{"@type":"WebSite","@id":"https:\/\/sara-suisse.ch\/#website","url":"https:\/\/sara-suisse.ch\/","name":"Sara Suisse","description":"Swiss Office Style","potentialAction":[{"@type":"SearchAction","target":{"@type":"EntryPoint","urlTemplate":"https:\/\/sara-suisse.ch\/?s={search_term_string}"},"query-input":{"@type":"PropertyValueSpecification","valueRequired":true,"valueName":"search_term_string"}}],"inLanguage":"de"}]}},"_links":{"self":[{"href":"https:\/\/sara-suisse.ch\/de\/wp-json\/wp\/v2\/pages\/717","targetHints":{"allow":["GET"]}}],"collection":[{"href":"https:\/\/sara-suisse.ch\/de\/wp-json\/wp\/v2\/pages"}],"about":[{"href":"https:\/\/sara-suisse.ch\/de\/wp-json\/wp\/v2\/types\/page"}],"author":[{"embeddable":true,"href":"https:\/\/sara-suisse.ch\/de\/wp-json\/wp\/v2\/users\/59"}],"replies":[{"embeddable":true,"href":"https:\/\/sara-suisse.ch\/de\/wp-json\/wp\/v2\/comments?post=717"}],"version-history":[{"count":61,"href":"https:\/\/sara-suisse.ch\/de\/wp-json\/wp\/v2\/pages\/717\/revisions"}],"predecessor-version":[{"id":12046,"href":"https:\/\/sara-suisse.ch\/de\/wp-json\/wp\/v2\/pages\/717\/revisions\/12046"}],"up":[{"embeddable":true,"href":"https:\/\/sara-suisse.ch\/de\/wp-json\/wp\/v2\/pages\/681"}],"wp:attachment":[{"href":"https:\/\/sara-suisse.ch\/de\/wp-json\/wp\/v2\/media?parent=717"}],"curies":[{"name":"wp","href":"https:\/\/api.w.org\/{rel}","templated":true}]}}